{"id":2,"date":"2015-09-16T04:24:25","date_gmt":"2015-09-16T04:24:25","guid":{"rendered":"http:\/\/wp431m.a10-52-158-154.qa.plesk.ru\/wordpress\/?page_id=2"},"modified":"2025-07-02T10:19:41","modified_gmt":"2025-07-02T10:19:41","slug":"sample-page","status":"publish","type":"page","link":"https:\/\/pancalsa.com\/?page_id=2","title":{"rendered":"Nuestras tiendas"},"content":{"rendered":"<p>[et_pb_section fb_built=\u00bb1&#8243; admin_label=\u00bbsection\u00bb _builder_version=\u00bb4.27.4&#8243; background_image=\u00bbhttps:\/\/pancalsa.com\/wp-content\/uploads\/2025\/07\/pan.webp\u00bb global_colors_info=\u00bb{}\u00bb][et_pb_row admin_label=\u00bbrow\u00bb _builder_version=\u00bb4.27.4&#8243; background_color=\u00bb#aa8252&#8243; background_size=\u00bbinitial\u00bb background_position=\u00bbtop_left\u00bb background_repeat=\u00bbrepeat\u00bb custom_padding=\u00bb25px|25px|25px|25px|true|true\u00bb border_radii=\u00bbon|25px|25px|25px|25px\u00bb global_colors_info=\u00bb{}\u00bb][et_pb_column type=\u00bb4_4&#8243; _builder_version=\u00bb4.16&#8243; custom_padding=\u00bb|||\u00bb global_colors_info=\u00bb{}\u00bb custom_padding__hover=\u00bb|||\u00bb][et_pb_heading _builder_version=\u00bb4.27.4&#8243; _module_preset=\u00bbdefault\u00bb title_font=\u00bbABeeZee||||||||\u00bb title_text_color=\u00bb#FFFFFF\u00bb title_font_size=\u00bb39px\u00bb title_text_shadow_style=\u00bbpreset5&#8243; title_text_shadow_horizontal_length=\u00bb0.16em\u00bb title_text_shadow_color=\u00bb#000000&#8243; global_colors_info=\u00bb{}\u00bb][\/et_pb_heading][et_pb_heading title=\u00bb\u00bfD\u00f3nde estamos ubicados?\u00bb _builder_version=\u00bb4.27.4&#8243; _module_preset=\u00bbdefault\u00bb title_font=\u00bbAbhaya Libre|600|||||||\u00bb title_text_color=\u00bb#FFFFFF\u00bb title_font_size=\u00bb38px\u00bb title_text_shadow_style=\u00bbpreset4&#8243; title_text_shadow_horizontal_length=\u00bb0.07em\u00bb title_text_shadow_vertical_length=\u00bb0.06em\u00bb title_text_shadow_color=\u00bb#000000&#8243; global_colors_info=\u00bb{}\u00bb][\/et_pb_heading][et_pb_text admin_label=\u00bbText\u00bb _builder_version=\u00bb4.27.4&#8243; text_font=\u00bbAbhaya Libre||||||||\u00bb text_font_size=\u00bb26px\u00bb background_color=\u00bbRGBA(255,255,255,0)\u00bb background_size=\u00bbinitial\u00bb background_position=\u00bbtop_left\u00bb background_repeat=\u00bbrepeat\u00bb custom_margin=\u00bb-25px|-20px|||false|false\u00bb custom_padding=\u00bb25px|25px|25px|25px|true|true\u00bb hover_enabled=\u00bb0&#8243; border_radii=\u00bbon|34px|34px|34px|34px\u00bb global_colors_info=\u00bb{}\u00bb sticky_enabled=\u00bb0&#8243;]<\/p>\n<p><span style=\"color: #ffffff;\">En Panader\u00eda Pancalsa somos un obrador artesano ubicado en Santo Domingo de la Calzada d\u00f3nde elaboramos muchas variedades de pan artesano, boller\u00eda y dulces tradicionales.<\/span><\/p>\n<p><span style=\"color: #ffffff;\">Disponemos de dos despachos de pan en la localidad (Santo Domingo de la Calzada &#8211; 26250):<\/span><\/p>\n<ul>\n<li><span style=\"color: #ffffff;\">C \/ Alfonso Pe\u00f1a N\u00ba 2 Bajo (941 26 60 87)<\/span><\/li>\n<li><span style=\"color: #ffffff;\">Calle Rodolfo Varona, 1. (941 34 23 38) (Esquina con Calle Pinar 55)<\/span><\/li>\n<\/ul>\n<p style=\"padding-left: 30px;\">[\/et_pb_text][\/et_pb_column][\/et_pb_row][et_pb_row column_structure=\u00bb1_2,1_2&#8243; _builder_version=\u00bb4.27.4&#8243; _module_preset=\u00bbdefault\u00bb global_colors_info=\u00bb{}\u00bb][et_pb_column type=\u00bb1_2&#8243; _builder_version=\u00bb4.27.4&#8243; _module_preset=\u00bbdefault\u00bb global_colors_info=\u00bb{}\u00bb][et_pb_text _builder_version=\u00bb4.27.4&#8243; _module_preset=\u00bbdefault\u00bb global_colors_info=\u00bb{}\u00bb]<iframe src=\"https:\/\/www.google.com\/maps\/embed?pb=!1m18!1m12!1m3!1d228.3560813459916!2d-2.953477652589952!3d42.4399167608888!2m3!1f0!2f0!3f0!3m2!1i1024!2i768!4f13.1!3m3!1m2!1s0xd457d7ddb148d99%3A0xc13a38ffa8e240b0!2sPanader%C3%ADa%20Pancalsa%20S.L.!5e1!3m2!1ses!2ses!4v1751277306240!5m2!1ses!2ses\" width=\"600\" height=\"450\" style=\"border:0;\" allowfullscreen=\"\" loading=\"lazy\" referrerpolicy=\"no-referrer-when-downgrade\"><\/iframe>[\/et_pb_text][\/et_pb_column][et_pb_column type=\u00bb1_2&#8243; _builder_version=\u00bb4.27.4&#8243; _module_preset=\u00bbdefault\u00bb global_colors_info=\u00bb{}\u00bb][et_pb_text _builder_version=\u00bb4.27.4&#8243; _module_preset=\u00bbdefault\u00bb global_colors_info=\u00bb{}\u00bb]<iframe src=\"https:\/\/www.google.com\/maps\/embed?pb=!1m18!1m12!1m3!1d228.36201508472982!2d-2.9536531787526545!3d42.43828856307284!2m3!1f0!2f0!3f0!3m2!1i1024!2i768!4f13.1!3m3!1m2!1s0xd457ca10ae8f4dd%3A0xe378811804ca47d8!2sPancalsa%20S.L.!5e1!3m2!1ses!2ses!4v1751277370749!5m2!1ses!2ses\" width=\"600\" height=\"450\" style=\"border:0;\" allowfullscreen=\"\" loading=\"lazy\" referrerpolicy=\"no-referrer-when-downgrade\"><\/iframe>[\/et_pb_text][\/et_pb_column][\/et_pb_row][\/et_pb_section]<\/p>\n","protected":false},"excerpt":{"rendered":"<p>En Panader\u00eda Pancalsa somos un obrador artesano ubicado en Santo Domingo de la Calzada d\u00f3nde elaboramos muchas variedades de pan artesano, boller\u00eda y dulces tradicionales. Disponemos de dos despachos de pan en la localidad (Santo Domingo de la Calzada &#8211; 26250): C \/ Alfonso Pe\u00f1a N\u00ba 2 Bajo (941 26 60 87) Calle Rodolfo Varona, [&hellip;]<\/p>\n","protected":false},"author":2,"featured_media":0,"parent":0,"menu_order":0,"comment_status":"closed","ping_status":"open","template":"","meta":{"_et_pb_use_builder":"on","_et_pb_old_content":"Panader\u00eda Pancalsa somos un obrador artesano ubicado en Santo Domingo de la Calzada d\u00f3nde elaboramos muchas variedades de pan artesano, boller\u00eda y dulces tradicionales.\r\n\r\nDisponemos de dos despachos de pan en la localidad:\r\n<p style=\"padding-left: 30px;\">C \/ Alfonso Pe\u00f1a N\u00ba 2 Bajo (941 26 60 87)<\/p>\r\n<p style=\"padding-left: 30px;\">y<\/p>\r\n<p style=\"padding-left: 30px;\">Calle Rodolfo Varona, 1. (941 34 23 38)<\/p>\r\n<p style=\"padding-left: 30px;\">(Esquina con Calle Pinar 55)<\/p>\r\n<p style=\"padding-left: 30px;\">26250 - Santo Domingo de la Calzada<\/p>\r\n<a href=\"http:\/\/pancalsa.com\/wp-content\/uploads\/2015\/09\/mapa.png\"><img class=\"alignnone size-medium wp-image-104\" src=\"http:\/\/pancalsa.com\/wp-content\/uploads\/2015\/09\/mapa-258x300.png\" alt=\"mapa\" width=\"258\" height=\"300\" \/><\/a>","_et_gb_content_width":"","footnotes":""},"class_list":["post-2","page","type-page","status-publish","hentry"],"_links":{"self":[{"href":"https:\/\/pancalsa.com\/index.php?rest_route=\/wp\/v2\/pages\/2","targetHints":{"allow":["GET"]}}],"collection":[{"href":"https:\/\/pancalsa.com\/index.php?rest_route=\/wp\/v2\/pages"}],"about":[{"href":"https:\/\/pancalsa.com\/index.php?rest_route=\/wp\/v2\/types\/page"}],"author":[{"embeddable":true,"href":"https:\/\/pancalsa.com\/index.php?rest_route=\/wp\/v2\/users\/2"}],"replies":[{"embeddable":true,"href":"https:\/\/pancalsa.com\/index.php?rest_route=%2Fwp%2Fv2%2Fcomments&post=2"}],"version-history":[{"count":19,"href":"https:\/\/pancalsa.com\/index.php?rest_route=\/wp\/v2\/pages\/2\/revisions"}],"predecessor-version":[{"id":399,"href":"https:\/\/pancalsa.com\/index.php?rest_route=\/wp\/v2\/pages\/2\/revisions\/399"}],"wp:attachment":[{"href":"https:\/\/pancalsa.com\/index.php?rest_route=%2Fwp%2Fv2%2Fmedia&parent=2"}],"curies":[{"name":"wp","href":"https:\/\/api.w.org\/{rel}","templated":true}]}}