{"id":406,"date":"2025-07-02T12:00:21","date_gmt":"2025-07-02T12:00:21","guid":{"rendered":"https:\/\/pancalsa.com\/?page_id=406"},"modified":"2025-07-11T11:14:17","modified_gmt":"2025-07-11T11:14:17","slug":"productos-panaderia","status":"publish","type":"page","link":"https:\/\/pancalsa.com\/?page_id=406","title":{"rendered":"Productos panader\u00eda"},"content":{"rendered":"<p>[et_pb_section fb_built=\u00bb1&#8243; _builder_version=\u00bb4.27.4&#8243; _module_preset=\u00bbdefault\u00bb global_colors_info=\u00bb{}\u00bb][et_pb_row _builder_version=\u00bb4.27.4&#8243; _module_preset=\u00bbdefault\u00bb global_colors_info=\u00bb{}\u00bb][et_pb_column type=\u00bb4_4&#8243; _builder_version=\u00bb4.27.4&#8243; _module_preset=\u00bbdefault\u00bb global_colors_info=\u00bb{}\u00bb][et_pb_heading title=\u00bbArt\u00edculos mas populares de nuestra panader\u00eda\u00bb _builder_version=\u00bb4.27.4&#8243; _module_preset=\u00bbdefault\u00bb global_colors_info=\u00bb{}\u00bb][\/et_pb_heading][\/et_pb_column][\/et_pb_row][et_pb_row column_structure=\u00bb1_2,1_2&#8243; _builder_version=\u00bb4.27.4&#8243; _module_preset=\u00bbdefault\u00bb global_colors_info=\u00bb{}\u00bb][et_pb_column type=\u00bb1_2&#8243; _builder_version=\u00bb4.27.4&#8243; _module_preset=\u00bbdefault\u00bb global_colors_info=\u00bb{}\u00bb][et_pb_blurb title=\u00bbChapata\u00bb image=\u00bbhttps:\/\/pancalsa.com\/wp-content\/uploads\/2025\/07\/barra_chapata.webp\u00bb _builder_version=\u00bb4.27.4&#8243; _module_preset=\u00bbdefault\u00bb hover_enabled=\u00bb0&#8243; global_colors_info=\u00bb{}\u00bb alt=\u00bbImagen de una barra de pan de tipo chapata\u00bb title_text=\u00bbBarra de pan de chapata\u00bb sticky_enabled=\u00bb0&#8243;]<\/p>\n<p>Una bestia de 600 gr, sabrosa con una gran corteza crujiente. Ideal para untar, har\u00e1 las delicias en tus comidas.<\/p>\n<p>[\/et_pb_blurb][et_pb_blurb title=\u00bbChapata de ma\u00edz\u00bb image=\u00bbhttps:\/\/pancalsa.com\/wp-content\/uploads\/2025\/07\/chapata_maiz.webp\u00bb alt=\u00bbBarra de pan chapata de ma\u00edz\u00bb _builder_version=\u00bb4.27.4&#8243; _module_preset=\u00bbdefault\u00bb global_colors_info=\u00bb{}\u00bb]<\/p>\n<p>Pan de ma\u00edz fermentado en bloque como las chapatas, gran aroma y sabor. Se acompa\u00f1an de pipas de girasol crujientes en la corteja y jugosas en el interior. Ideal para quesos de untar.<\/p>\n<p>[\/et_pb_blurb][et_pb_blurb title=\u00bbHogaza 7 cereales\u00bb _builder_version=\u00bb4.27.4&#8243; _module_preset=\u00bbdefault\u00bb hover_enabled=\u00bb0&#8243; global_colors_info=\u00bb{}\u00bb alt=\u00bbImagen de una hogaza de pan de 7 cereales\u00bb title_text=\u00bbHogaza de pan de 7 cereales\u00bb image=\u00bbhttps:\/\/pancalsa.com\/wp-content\/uploads\/2025\/07\/hogaza_7_cereales-1.webp\u00bb sticky_enabled=\u00bb0&#8243;]<\/p>\n<p>Hogaza de 500 gramos de pan fermentado en bloque (chapatoides) con conjunto de 7 semillas. Ideal para desayunos o preparar aperitivos. Lo aguanta todo.<br \/>Si lo desea se la podemos rebanar<\/p>\n<p>[\/et_pb_blurb][et_pb_blurb title=\u00bbHueca\u00bb _builder_version=\u00bb4.27.4&#8243; _module_preset=\u00bbdefault\u00bb hover_enabled=\u00bb0&#8243; global_colors_info=\u00bb{}\u00bb alt=\u00bbImagen de una barra de pan de tipo hueco\u00bb title_text=\u00bbBarra de pan hueco\u00bb image=\u00bbhttps:\/\/pancalsa.com\/wp-content\/uploads\/2025\/07\/hueco.webp\u00bb sticky_enabled=\u00bb0&#8243;]<\/p>\n<p>Pan hueco, ideal para untar, o bocadillos consistentes.<\/p>\n<p>[\/et_pb_blurb][\/et_pb_column][et_pb_column type=\u00bb1_2&#8243; _builder_version=\u00bb4.27.4&#8243; _module_preset=\u00bbdefault\u00bb global_colors_info=\u00bb{}\u00bb][et_pb_blurb title=\u00bbBaguette\u00bb _builder_version=\u00bb4.27.4&#8243; _module_preset=\u00bbdefault\u00bb hover_enabled=\u00bb0&#8243; global_colors_info=\u00bb{}\u00bb alt=\u00bbImagen de una barra de pan tipo baguette\u00bb title_text=\u00bbBarra de pan de baguette\u00bb image=\u00bbhttps:\/\/pancalsa.com\/wp-content\/uploads\/2025\/07\/baguette.webp\u00bb sticky_enabled=\u00bb0&#8243;]<\/p>\n<p>Baguette de pan pan, con sabor y corteza crujiente. Disponible tambi\u00e9n en formato de media cocci\u00f3n, m\u00e1s suave al paladar. Ideal para bocadillos.<\/p>\n<p>[\/et_pb_blurb][et_pb_blurb title=\u00bbRiojanito\u00bb _builder_version=\u00bb4.27.4&#8243; _module_preset=\u00bbdefault\u00bb hover_enabled=\u00bb0&#8243; global_colors_info=\u00bb{}\u00bb alt=\u00bbImagen de una barra de pan tipo riojanito\u00bb title_text=\u00bbBarra de pan de riojanito\u00bb image=\u00bbhttps:\/\/pancalsa.com\/wp-content\/uploads\/2025\/07\/riojanito.webp\u00bb sticky_enabled=\u00bb0&#8243;]<\/p>\n<p>Nuestro pan sobao m\u00e1s popular. Pan macizo, pan sobado, pan candeal, pan prieto, o pan Riojano son algunas de las formas de llamar a este pan que s\u00f3lo se produce en unas pocas provincias de Espa\u00f1a Ideal para acompa\u00f1ar con quesos fuertes, carnes y pescados. Es la novia del vino de rioja!<\/p>\n<p>[\/et_pb_blurb][et_pb_blurb title=\u00bbCortada\u00bb _builder_version=\u00bb4.27.4&#8243; _module_preset=\u00bbdefault\u00bb hover_enabled=\u00bb0&#8243; global_colors_info=\u00bb{}\u00bb alt=\u00bbImagen de una barra de pan maciza sobada\u00bb title_text=\u00bbBarra de pan sobada maciza\u00bb image=\u00bbhttps:\/\/pancalsa.com\/wp-content\/uploads\/2025\/07\/pan_sobao_macizo-1.webp\u00bb sticky_enabled=\u00bb0&#8243;]<\/p>\n<p>Pan sobado para los amantes de los curruscos.<\/p>\n<p>[\/et_pb_blurb][et_pb_blurb title=\u00bbHogaza de pan macizo\u00bb _builder_version=\u00bb4.27.4&#8243; _module_preset=\u00bbdefault\u00bb hover_enabled=\u00bb0&#8243; global_colors_info=\u00bb{}\u00bb alt=\u00bbImagen de una hogaza de pan de tipo maciza cortada\u00bb title_text=\u00bbHogaza de pan maciza cortada\u00bb image=\u00bbhttps:\/\/pancalsa.com\/wp-content\/uploads\/2025\/07\/hogaza_macizo_cortada-1.webp\u00bb sticky_enabled=\u00bb0&#8243;]<\/p>\n<p>Pan sobado en formato hogaza. Un cl\u00e1sico.<\/p>\n<p>[\/et_pb_blurb][\/et_pb_column][\/et_pb_row][\/et_pb_section]<\/p>\n","protected":false},"excerpt":{"rendered":"<p>Una bestia de 600 gr, sabrosa con una gran corteza crujiente. Ideal para untar, har\u00e1 las delicias en tus comidas.Pan de ma\u00edz fermentado en bloque como las chapatas, gran aroma y sabor. Se acompa\u00f1an de pipas de girasol crujientes en la corteja y jugosas en el interior. Ideal para quesos de untar.Hogaza de 500 gramos [&hellip;]<\/p>\n","protected":false},"author":2,"featured_media":0,"parent":0,"menu_order":0,"comment_status":"closed","ping_status":"closed","template":"","meta":{"_et_pb_use_builder":"on","_et_pb_old_content":"","_et_gb_content_width":"","footnotes":""},"class_list":["post-406","page","type-page","status-publish","hentry"],"_links":{"self":[{"href":"https:\/\/pancalsa.com\/index.php?rest_route=\/wp\/v2\/pages\/406","targetHints":{"allow":["GET"]}}],"collection":[{"href":"https:\/\/pancalsa.com\/index.php?rest_route=\/wp\/v2\/pages"}],"about":[{"href":"https:\/\/pancalsa.com\/index.php?rest_route=\/wp\/v2\/types\/page"}],"author":[{"embeddable":true,"href":"https:\/\/pancalsa.com\/index.php?rest_route=\/wp\/v2\/users\/2"}],"replies":[{"embeddable":true,"href":"https:\/\/pancalsa.com\/index.php?rest_route=%2Fwp%2Fv2%2Fcomments&post=406"}],"version-history":[{"count":14,"href":"https:\/\/pancalsa.com\/index.php?rest_route=\/wp\/v2\/pages\/406\/revisions"}],"predecessor-version":[{"id":467,"href":"https:\/\/pancalsa.com\/index.php?rest_route=\/wp\/v2\/pages\/406\/revisions\/467"}],"wp:attachment":[{"href":"https:\/\/pancalsa.com\/index.php?rest_route=%2Fwp%2Fv2%2Fmedia&parent=406"}],"curies":[{"name":"wp","href":"https:\/\/api.w.org\/{rel}","templated":true}]}}