{"id":413,"date":"2025-07-02T12:00:27","date_gmt":"2025-07-02T12:00:27","guid":{"rendered":"https:\/\/pancalsa.com\/?page_id=413"},"modified":"2025-07-16T07:56:30","modified_gmt":"2025-07-16T07:56:30","slug":"productos-pasteleria","status":"publish","type":"page","link":"https:\/\/pancalsa.com\/?page_id=413","title":{"rendered":"Productos pasteler\u00eda"},"content":{"rendered":"<p>[et_pb_section fb_built=\u00bb1&#8243; _builder_version=\u00bb4.27.4&#8243; _module_preset=\u00bbdefault\u00bb global_colors_info=\u00bb{}\u00bb][et_pb_row _builder_version=\u00bb4.27.4&#8243; _module_preset=\u00bbdefault\u00bb global_colors_info=\u00bb{}\u00bb][et_pb_column type=\u00bb4_4&#8243; _builder_version=\u00bb4.27.4&#8243; _module_preset=\u00bbdefault\u00bb global_colors_info=\u00bb{}\u00bb][et_pb_heading title=\u00bbArt\u00edculos mas populares de nuestra pasteler\u00eda\u00bb _builder_version=\u00bb4.27.4&#8243; _module_preset=\u00bbdefault\u00bb global_colors_info=\u00bb{}\u00bb][\/et_pb_heading][\/et_pb_column][\/et_pb_row][et_pb_row column_structure=\u00bb1_2,1_2&#8243; _builder_version=\u00bb4.27.4&#8243; _module_preset=\u00bbdefault\u00bb global_colors_info=\u00bb{}\u00bb][et_pb_column type=\u00bb1_2&#8243; _builder_version=\u00bb4.27.4&#8243; _module_preset=\u00bbdefault\u00bb global_colors_info=\u00bb{}\u00bb][et_pb_blurb title=\u00bbMilhojas de nata y crema\u00bb image=\u00bbhttps:\/\/pancalsa.com\/wp-content\/uploads\/2025\/07\/milhojas.webp\u00bb _builder_version=\u00bb4.27.4&#8243; _module_preset=\u00bbdefault\u00bb global_colors_info=\u00bb{}\u00bb]<\/p>\n<p>Crujientes capas de hojaldre dorado se alternan con generosos rellenos de nata montada y suave crema pastelera, en un equilibrio perfecto entre ligereza y dulzura.<\/p>\n<p>[\/et_pb_blurb][et_pb_blurb title=\u00bbDonuts\u00bb image=\u00bbhttps:\/\/pancalsa.com\/wp-content\/uploads\/2025\/07\/donuts.webp\u00bb _builder_version=\u00bb4.27.4&#8243; _module_preset=\u00bbdefault\u00bb global_colors_info=\u00bb{}\u00bb]<\/p>\n<p>Esponjosos, dulces y con ese inconfundible agujero en el centro, los donuts son mucho m\u00e1s que una rosquilla: son un icono del placer. Elaborados con una masa suave y aireada, ligeramente frita hasta alcanzar un dorado perfecto, se presentan glaseados o rellenos y cubiertos con infinitas combinaciones de sabores.<\/p>\n<p>[\/et_pb_blurb][et_pb_blurb title=\u00bbTrenza de nueces y pi\u00f1ones\u00bb image=\u00bbhttps:\/\/pancalsa.com\/wp-content\/uploads\/2025\/07\/trenza.webp\u00bb _builder_version=\u00bb4.27.4&#8243; _module_preset=\u00bbdefault\u00bb width=\u00bb52%\u00bb global_colors_info=\u00bb{}\u00bb]<\/p>\n<p>Una joya de la reposter\u00eda artesanal que combina tradici\u00f3n, textura y sabor en cada hebra. Esta trenza est\u00e1 elaborada con una masa suave y ligeramente hojaldrada, trenzada a mano para lograr una presentaci\u00f3n r\u00fastica y elegante. En su exterior, est\u00e1 cubierta generosamente de nueces troceadas y pi\u00f1ones tostados aporta un contraste crujiente y arom\u00e1tico, adem\u00e1s del alm\u00edbar que los acompa\u00f1a<\/p>\n<p>[\/et_pb_blurb][\/et_pb_column][et_pb_column type=\u00bb1_2&#8243; _builder_version=\u00bb4.27.4&#8243; _module_preset=\u00bbdefault\u00bb global_colors_info=\u00bb{}\u00bb][et_pb_blurb title=\u00bbVueltas del Santo\u00bb alt=\u00bbImagen de un postre llamado vueltas del santo hecho de hojaldre y recubierto de chocolate con leche\u00bb _builder_version=\u00bb4.27.4&#8243; _module_preset=\u00bbdefault\u00bb hover_enabled=\u00bb0&#8243; global_colors_info=\u00bb{}\u00bb title_text=\u00bbVueltas del santo hojaldre\u00bb sticky_enabled=\u00bb0&#8243; image=\u00bbhttps:\/\/pancalsa.com\/wp-content\/uploads\/2025\/07\/vueltas_santo_hojaldre_chocolate_leche.webp\u00bb]<\/p>\n<p>Dulces y crujientes lacitos con forma espiral, que evoca el giro del paso procesional. Hechos de hojaldre y recubiertos de chocolate con leche, que tienen un aspecto muy apetecible.<\/p>\n<p>[\/et_pb_blurb][et_pb_blurb title=\u00bbMiniberlinas y pasteles de queso\u00bb image=\u00bbhttps:\/\/pancalsa.com\/wp-content\/uploads\/2025\/07\/miniberlinas_pasteles_queso.webp\u00bb _builder_version=\u00bb4.27.4&#8243; _module_preset=\u00bbdefault\u00bb global_colors_info=\u00bb{}\u00bb]<\/p>\n<p><span>Estas miniberlinas destacan por su masa suave y esponjosa. Cubiertas con glaseados brillantes y toques de az\u00facar. Un bocado tierno y goloso que convierte cualquier momento en un capricho inolvidable.<\/span><\/p>\n<p><span>Estos pastelitos individuales son la forma m\u00e1s elegante de disfrutar del cl\u00e1sico cheesecake. Su textura densa y fundente, combinada con \u00e9xito el sabor del queso, con el sabor de un pastel. Los convierten en un \u00e9xito seguro en vitrinas, postres y celebraciones.<\/span><\/p>\n<p>[\/et_pb_blurb][\/et_pb_column][\/et_pb_row][\/et_pb_section]<\/p>\n","protected":false},"excerpt":{"rendered":"<p>Crujientes capas de hojaldre dorado se alternan con generosos rellenos de nata montada y suave crema pastelera, en un equilibrio perfecto entre ligereza y dulzura.Esponjosos, dulces y con ese inconfundible agujero en el centro, los donuts son mucho m\u00e1s que una rosquilla: son un icono del placer. Elaborados con una masa suave y aireada, ligeramente [&hellip;]<\/p>\n","protected":false},"author":2,"featured_media":0,"parent":0,"menu_order":0,"comment_status":"closed","ping_status":"closed","template":"","meta":{"_et_pb_use_builder":"on","_et_pb_old_content":"","_et_gb_content_width":"","footnotes":""},"class_list":["post-413","page","type-page","status-publish","hentry"],"_links":{"self":[{"href":"https:\/\/pancalsa.com\/index.php?rest_route=\/wp\/v2\/pages\/413","targetHints":{"allow":["GET"]}}],"collection":[{"href":"https:\/\/pancalsa.com\/index.php?rest_route=\/wp\/v2\/pages"}],"about":[{"href":"https:\/\/pancalsa.com\/index.php?rest_route=\/wp\/v2\/types\/page"}],"author":[{"embeddable":true,"href":"https:\/\/pancalsa.com\/index.php?rest_route=\/wp\/v2\/users\/2"}],"replies":[{"embeddable":true,"href":"https:\/\/pancalsa.com\/index.php?rest_route=%2Fwp%2Fv2%2Fcomments&post=413"}],"version-history":[{"count":8,"href":"https:\/\/pancalsa.com\/index.php?rest_route=\/wp\/v2\/pages\/413\/revisions"}],"predecessor-version":[{"id":515,"href":"https:\/\/pancalsa.com\/index.php?rest_route=\/wp\/v2\/pages\/413\/revisions\/515"}],"wp:attachment":[{"href":"https:\/\/pancalsa.com\/index.php?rest_route=%2Fwp%2Fv2%2Fmedia&parent=413"}],"curies":[{"name":"wp","href":"https:\/\/api.w.org\/{rel}","templated":true}]}}